{"id":737,"date":"2019-08-22T22:37:20","date_gmt":"2019-08-22T21:37:20","guid":{"rendered":"http:\/\/www.instruyete.org\/?page_id=737"},"modified":"2019-08-22T22:37:20","modified_gmt":"2019-08-22T21:37:20","slug":"instruyete","status":"publish","type":"page","link":"https:\/\/www.instruyete.org\/?page_id=737","title":{"rendered":"\u00bfinstruyete?"},"content":{"rendered":"\n<p>Das Logo der Seite ist ein republikanisches Propagandaplakat aus dem Spanischen B\u00fcrgerkrieg. Der darauf stehende Text:<\/p>\n\n\n\n<p><em>SOLDADO INSTRUYETE. El analfabetismo ciega el espiritu.<\/em><\/p>\n\n\n\n<p>bedeutet ungef\u00e4hr &#8222;Soldat bilde Dich (weiter). Analfabetismus verblendet den Geist&#8220;.<\/p>\n\n\n\n<p>Der Geist dieses Plakates geht mir sehr nahe. Menschen sollten sich immer ein eigenes Urteil bilden k\u00f6nnen und Bildung ist ein Auftrag an die Gesellschaft, aber vor allem auch an uns alle individuell. Daher gef\u00e4llt mir die <em>Open Source<\/em> Idee, welche ausgehend von der IT immer mehr Bereiche der Gesellschaft durchdringt.<\/p>\n\n\n\n<p>Der Kampf zwischen Aufkl\u00e4rung und Reaktion ist best\u00e4ndig und spielt sich je nach gesellschaftlicher Gro\u00dfwetterlage anders ab. Der spanische B\u00fcrgerkrieg stellt ein aufschlussreiches Paradebeispiel eines blutigen Kampfes beider Pole dar. Wer mehr dar\u00fcber lesen m\u00f6chte, kann ich folgende Buchtipps geben:<\/p>\n\n\n\n<ul class=\"wp-block-list\"><li><em>Revolution und Krieg in Spanien<\/em>, Pierre Brou\u00e9 und Emile T\u00e9mine, suhrkamp taschenbuch<\/li><li><em>A concise history of the spanish civil war<\/em>, Paul Preston, Fontana newED<\/li><li><em>Der verspielte Sieg<\/em>, Frank Schauff, campus Verlag<\/li><\/ul>\n","protected":false},"excerpt":{"rendered":"<p>Das Logo der Seite ist ein republikanisches Propagandaplakat aus dem Spanischen B\u00fcrgerkrieg. Der darauf stehende Text: SOLDADO INSTRUYETE. El analfabetismo ciega el espiritu. bedeutet ungef\u00e4hr &#8222;Soldat bilde Dich (weiter). Analfabetismus verblendet den Geist&#8220;. Der Geist dieses Plakates geht mir sehr nahe. Menschen sollten sich immer ein eigenes Urteil bilden k\u00f6nnen und Bildung ist ein Auftrag &hellip; <a href=\"https:\/\/www.instruyete.org\/?page_id=737\" class=\"more-link\"><span class=\"screen-reader-text\">\u00bfinstruyete?<\/span> weiterlesen<\/a><\/p>\n","protected":false},"author":1,"featured_media":0,"parent":0,"menu_order":0,"comment_status":"closed","ping_status":"closed","template":"","meta":{"footnotes":""},"class_list":["post-737","page","type-page","status-publish","hentry"],"_links":{"self":[{"href":"https:\/\/www.instruyete.org\/index.php?rest_route=\/wp\/v2\/pages\/737","targetHints":{"allow":["GET"]}}],"collection":[{"href":"https:\/\/www.instruyete.org\/index.php?rest_route=\/wp\/v2\/pages"}],"about":[{"href":"https:\/\/www.instruyete.org\/index.php?rest_route=\/wp\/v2\/types\/page"}],"author":[{"embeddable":true,"href":"https:\/\/www.instruyete.org\/index.php?rest_route=\/wp\/v2\/users\/1"}],"replies":[{"embeddable":true,"href":"https:\/\/www.instruyete.org\/index.php?rest_route=%2Fwp%2Fv2%2Fcomments&post=737"}],"version-history":[{"count":1,"href":"https:\/\/www.instruyete.org\/index.php?rest_route=\/wp\/v2\/pages\/737\/revisions"}],"predecessor-version":[{"id":738,"href":"https:\/\/www.instruyete.org\/index.php?rest_route=\/wp\/v2\/pages\/737\/revisions\/738"}],"wp:attachment":[{"href":"https:\/\/www.instruyete.org\/index.php?rest_route=%2Fwp%2Fv2%2Fmedia&parent=737"}],"curies":[{"name":"wp","href":"https:\/\/api.w.org\/{rel}","templated":true}]}}